{"id":39,"date":"2026-04-28T01:40:21","date_gmt":"2026-04-28T01:40:21","guid":{"rendered":"http:\/\/3.216.29.183\/?page_id=39"},"modified":"2026-05-09T07:35:40","modified_gmt":"2026-05-09T12:35:40","slug":"home","status":"publish","type":"page","link":"https:\/\/dr-jorgesanchez.com\/","title":{"rendered":"Home"},"content":{"rendered":"\t\t<div data-elementor-type=\"wp-page\" data-elementor-id=\"39\" class=\"elementor elementor-39\">\n\t\t\t\t<div class=\"elementor-element elementor-element-7426c920 e-flex e-con-boxed e-con e-parent\" data-id=\"7426c920\" data-element_type=\"container\" data-e-type=\"container\" data-settings=\"{&quot;background_background&quot;:&quot;slideshow&quot;,&quot;background_slideshow_gallery&quot;:[{&quot;id&quot;:130,&quot;url&quot;:&quot;https:\\\/\\\/dr-jorgesanchez.com\\\/wp-content\\\/uploads\\\/2026\\\/05\\\/Profile-2.jpeg&quot;},{&quot;id&quot;:82,&quot;url&quot;:&quot;https:\\\/\\\/dr-jorgesanchez.com\\\/wp-content\\\/uploads\\\/2026\\\/04\\\/Consultorio-2.jpeg&quot;}],&quot;background_slideshow_loop&quot;:&quot;yes&quot;,&quot;background_slideshow_slide_duration&quot;:5000,&quot;background_slideshow_slide_transition&quot;:&quot;fade&quot;,&quot;background_slideshow_transition_duration&quot;:500}\">\n\t\t\t\t\t<div class=\"e-con-inner\">\n\t\t\t\t<div class=\"elementor-element elementor-element-505bff5e elementor-widget elementor-widget-heading\" data-id=\"505bff5e\" data-element_type=\"widget\" data-e-type=\"widget\" data-widget_type=\"heading.default\">\n\t\t\t\t\t<h5 class=\"elementor-heading-title elementor-size-default\">Bienvenidos al consultorio del<br><\/h5>\t\t\t\t<\/div>\n\t\t\t\t<div class=\"elementor-element elementor-element-4a0fd027 elementor-widget elementor-widget-heading\" data-id=\"4a0fd027\" data-element_type=\"widget\" data-e-type=\"widget\" data-widget_type=\"heading.default\">\n\t\t\t\t\t<h1 class=\"elementor-heading-title elementor-size-default\">Dr. Jorge S\u00e1nchez<br><\/h1>\t\t\t\t<\/div>\n\t\t\t\t<div class=\"elementor-element elementor-element-00945ff elementor-widget elementor-widget-heading\" data-id=\"00945ff\" data-element_type=\"widget\" data-e-type=\"widget\" data-widget_type=\"heading.default\">\n\t\t\t\t\t<h5 class=\"elementor-heading-title elementor-size-default\">Construimos Sonrisas<\/h5>\t\t\t\t<\/div>\n\t\t\t\t<div class=\"elementor-element elementor-element-4b7c188d elementor-align-center elementor-widget elementor-widget-button\" data-id=\"4b7c188d\" data-element_type=\"widget\" data-e-type=\"widget\" data-widget_type=\"button.default\">\n\t\t\t\t\t\t\t\t\t\t<a class=\"elementor-button elementor-button-link elementor-size-sm\" href=\"https:\/\/dr-jorgesanchez.com\/?page_id=12\">\n\t\t\t\t\t\t<span class=\"elementor-button-content-wrapper\">\n\t\t\t\t\t\t\t\t\t<span class=\"elementor-button-text\">Cont\u00e1ctanos<\/span>\n\t\t\t\t\t<\/span>\n\t\t\t\t\t<\/a>\n\t\t\t\t\t\t\t\t<\/div>\n\t\t\t\t\t<\/div>\n\t\t\t\t<\/div>\n\t\t<div class=\"elementor-element elementor-element-3034535b e-con-full e-flex e-con e-parent\" data-id=\"3034535b\" data-element_type=\"container\" data-e-type=\"container\">\n\t\t<div class=\"elementor-element elementor-element-6a263b30 e-con-full e-flex e-con e-child\" data-id=\"6a263b30\" data-element_type=\"container\" data-e-type=\"container\">\n\t\t\t\t<div class=\"elementor-element elementor-element-39b4cc8f elementor-widget elementor-widget-heading\" data-id=\"39b4cc8f\" data-element_type=\"widget\" data-e-type=\"widget\" data-widget_type=\"heading.default\">\n\t\t\t\t\t<h2 class=\"elementor-heading-title elementor-size-default\">\u00a1Hola!<\/h2>\t\t\t\t<\/div>\n\t\t\t\t<div class=\"elementor-element elementor-element-2ef045f7 elementor-widget elementor-widget-heading\" data-id=\"2ef045f7\" data-element_type=\"widget\" data-e-type=\"widget\" data-widget_type=\"heading.default\">\n\t\t\t\t\t<h5 class=\"elementor-heading-title elementor-size-default\">deja Tu sonrisa en manos seguras y amigas.<\/h5>\t\t\t\t<\/div>\n\t\t\t\t<div class=\"elementor-element elementor-element-6cca1cbf elementor-widget elementor-widget-text-editor\" data-id=\"6cca1cbf\" data-element_type=\"widget\" data-e-type=\"widget\" data-widget_type=\"text-editor.default\">\n\t\t\t\t\t\t\t\t\t<p data-path-to-node=\"2,1\">Soy el Dr. Jorge S\u00e1nchez, odont\u00f3logo profesional con m\u00e1s de 25 a\u00f1os de experiencia cuidando de la salud dental de mis pacientes. Entiendo que ir al dentista puede generar dudas, por eso mi compromiso es brindarte una atenci\u00f3n integral donde la gran calidad humana, la empat\u00eda y la tranquilidad son la prioridad en cada visita.<\/p><p data-path-to-node=\"2,2\">Descubre la diferencia de una atenci\u00f3n verdaderamente personalizada.<\/p>\t\t\t\t\t\t\t\t<\/div>\n\t\t\t\t<div class=\"elementor-element elementor-element-5b473ebf elementor-invisible elementor-widget elementor-widget-button\" data-id=\"5b473ebf\" data-element_type=\"widget\" data-e-type=\"widget\" data-settings=\"{&quot;_animation&quot;:&quot;fadeInDown&quot;}\" data-widget_type=\"button.default\">\n\t\t\t\t\t\t\t\t\t\t<a class=\"elementor-button elementor-button-link elementor-size-sm\" href=\"https:\/\/dr-jorgesanchez.com\/?page_id=12\">\n\t\t\t\t\t\t<span class=\"elementor-button-content-wrapper\">\n\t\t\t\t\t\t\t\t\t<span class=\"elementor-button-text\">\u00a1Agenda tu cita para empezar a cuidar tu sonrisa!<\/span>\n\t\t\t\t\t<\/span>\n\t\t\t\t\t<\/a>\n\t\t\t\t\t\t\t\t<\/div>\n\t\t\t\t<\/div>\n\t\t<div class=\"elementor-element elementor-element-5b47e6ab e-con-full e-flex e-con e-child\" data-id=\"5b47e6ab\" data-element_type=\"container\" data-e-type=\"container\">\n\t\t\t\t<div class=\"elementor-element elementor-element-3f9683f3 elementor-widget elementor-widget-image\" data-id=\"3f9683f3\" data-element_type=\"widget\" data-e-type=\"widget\" data-widget_type=\"image.default\">\n\t\t\t\t\t\t\t\t\t\t\t\t\t\t\t<img fetchpriority=\"high\" decoding=\"async\" width=\"960\" height=\"1280\" src=\"https:\/\/dr-jorgesanchez.com\/wp-content\/uploads\/2026\/04\/Profile-1.jpeg\" class=\"attachment-full size-full wp-image-84\" alt=\"Foto Perfil\" srcset=\"https:\/\/dr-jorgesanchez.com\/wp-content\/uploads\/2026\/04\/Profile-1.jpeg 960w, https:\/\/dr-jorgesanchez.com\/wp-content\/uploads\/2026\/04\/Profile-1-225x300.jpeg 225w, https:\/\/dr-jorgesanchez.com\/wp-content\/uploads\/2026\/04\/Profile-1-768x1024.jpeg 768w\" sizes=\"(max-width: 960px) 100vw, 960px\" \/>\t\t\t\t\t\t\t\t\t\t\t\t\t\t\t<\/div>\n\t\t\t\t<\/div>\n\t\t\t\t<\/div>\n\t\t<div class=\"elementor-element elementor-element-a0f57ec e-con-full e-flex e-con e-parent\" data-id=\"a0f57ec\" data-element_type=\"container\" data-e-type=\"container\">\n\t\t\t\t<div class=\"elementor-element elementor-element-49b32ff7 elementor-widget elementor-widget-heading\" data-id=\"49b32ff7\" data-element_type=\"widget\" data-e-type=\"widget\" data-widget_type=\"heading.default\">\n\t\t\t\t\t<h2 class=\"elementor-heading-title elementor-size-default\">Conoce Algunos de Nuestros Servicios <\/h2>\t\t\t\t<\/div>\n\t\t\t\t<div class=\"elementor-element elementor-element-825c12f elementor-widget elementor-widget-heading\" data-id=\"825c12f\" data-element_type=\"widget\" data-e-type=\"widget\" data-widget_type=\"heading.default\">\n\t\t\t\t\t<h5 class=\"elementor-heading-title elementor-size-default\">Precios amigables y que se ajustan a tu presupuesto. Ofrecemos desde la m\u00e1s alta tecnolog\u00eda hasta las t\u00e9cnicas m\u00e1s convencionales con excelente calidad<\/h5>\t\t\t\t<\/div>\n\t\t\t\t<div class=\"elementor-element elementor-element-53a6c907 gallery-spacing-custom elementor-widget elementor-widget-image-gallery\" data-id=\"53a6c907\" data-element_type=\"widget\" data-e-type=\"widget\" data-widget_type=\"image-gallery.default\">\n\t\t\t\t\t\t\t<div class=\"elementor-image-gallery\">\n\t\t\t<div id='gallery-1' class='gallery galleryid-39 gallery-columns-3 gallery-size-full'><figure class='gallery-item'>\n\t\t\t<div class='gallery-icon landscape'>\n\t\t\t\t<a data-elementor-open-lightbox=\"yes\" data-elementor-lightbox-slideshow=\"53a6c907\" data-elementor-lightbox-title=\"526x526_01.jpg\" data-e-action-hash=\"#elementor-action%3Aaction%3Dlightbox%26settings%3DeyJpZCI6MTQsInVybCI6Imh0dHBzOlwvXC9kci1qb3JnZXNhbmNoZXouY29tXC93cC1jb250ZW50XC91cGxvYWRzXC8yMDI2XC8wNFwvNTI2eDUyNl8wMS5qcGciLCJzbGlkZXNob3ciOiI1M2E2YzkwNyJ9\" href='https:\/\/dr-jorgesanchez.com\/wp-content\/uploads\/2026\/04\/526x526_01.jpg'><img decoding=\"async\" width=\"526\" height=\"526\" src=\"https:\/\/dr-jorgesanchez.com\/wp-content\/uploads\/2026\/04\/526x526_01.jpg\" class=\"attachment-full size-full\" alt=\"\" srcset=\"https:\/\/dr-jorgesanchez.com\/wp-content\/uploads\/2026\/04\/526x526_01.jpg 526w, https:\/\/dr-jorgesanchez.com\/wp-content\/uploads\/2026\/04\/526x526_01-300x300.jpg 300w, https:\/\/dr-jorgesanchez.com\/wp-content\/uploads\/2026\/04\/526x526_01-150x150.jpg 150w\" sizes=\"(max-width: 526px) 100vw, 526px\" \/><\/a>\n\t\t\t<\/div><\/figure><figure class='gallery-item'>\n\t\t\t<div class='gallery-icon landscape'>\n\t\t\t\t<a data-elementor-open-lightbox=\"yes\" data-elementor-lightbox-slideshow=\"53a6c907\" data-elementor-lightbox-title=\"526x526_02.jpg\" data-e-action-hash=\"#elementor-action%3Aaction%3Dlightbox%26settings%3DeyJpZCI6MTUsInVybCI6Imh0dHBzOlwvXC9kci1qb3JnZXNhbmNoZXouY29tXC93cC1jb250ZW50XC91cGxvYWRzXC8yMDI2XC8wNFwvNTI2eDUyNl8wMi5qcGciLCJzbGlkZXNob3ciOiI1M2E2YzkwNyJ9\" href='https:\/\/dr-jorgesanchez.com\/wp-content\/uploads\/2026\/04\/526x526_02.jpg'><img decoding=\"async\" width=\"526\" height=\"526\" src=\"https:\/\/dr-jorgesanchez.com\/wp-content\/uploads\/2026\/04\/526x526_02.jpg\" class=\"attachment-full size-full\" alt=\"\" srcset=\"https:\/\/dr-jorgesanchez.com\/wp-content\/uploads\/2026\/04\/526x526_02.jpg 526w, https:\/\/dr-jorgesanchez.com\/wp-content\/uploads\/2026\/04\/526x526_02-300x300.jpg 300w, https:\/\/dr-jorgesanchez.com\/wp-content\/uploads\/2026\/04\/526x526_02-150x150.jpg 150w\" sizes=\"(max-width: 526px) 100vw, 526px\" \/><\/a>\n\t\t\t<\/div><\/figure><figure class='gallery-item'>\n\t\t\t<div class='gallery-icon landscape'>\n\t\t\t\t<a data-elementor-open-lightbox=\"yes\" data-elementor-lightbox-slideshow=\"53a6c907\" data-elementor-lightbox-title=\"526x526.jpg\" data-e-action-hash=\"#elementor-action%3Aaction%3Dlightbox%26settings%3DeyJpZCI6MTYsInVybCI6Imh0dHBzOlwvXC9kci1qb3JnZXNhbmNoZXouY29tXC93cC1jb250ZW50XC91cGxvYWRzXC8yMDI2XC8wNFwvNTI2eDUyNi5qcGciLCJzbGlkZXNob3ciOiI1M2E2YzkwNyJ9\" href='https:\/\/dr-jorgesanchez.com\/wp-content\/uploads\/2026\/04\/526x526.jpg'><img loading=\"lazy\" decoding=\"async\" width=\"526\" height=\"526\" src=\"https:\/\/dr-jorgesanchez.com\/wp-content\/uploads\/2026\/04\/526x526.jpg\" class=\"attachment-full size-full\" alt=\"\" srcset=\"https:\/\/dr-jorgesanchez.com\/wp-content\/uploads\/2026\/04\/526x526.jpg 526w, https:\/\/dr-jorgesanchez.com\/wp-content\/uploads\/2026\/04\/526x526-300x300.jpg 300w, https:\/\/dr-jorgesanchez.com\/wp-content\/uploads\/2026\/04\/526x526-150x150.jpg 150w\" sizes=\"(max-width: 526px) 100vw, 526px\" \/><\/a>\n\t\t\t<\/div><\/figure>\n\t\t<\/div>\n\t\t<\/div>\n\t\t\t\t\t\t<\/div>\n\t\t\t\t<div class=\"elementor-element elementor-element-5a92b038 elementor-align-center elementor-invisible elementor-widget elementor-widget-button\" data-id=\"5a92b038\" data-element_type=\"widget\" data-e-type=\"widget\" data-settings=\"{&quot;_animation&quot;:&quot;fadeInDown&quot;}\" data-widget_type=\"button.default\">\n\t\t\t\t\t\t\t\t\t\t<a class=\"elementor-button elementor-button-link elementor-size-sm\" href=\"https:\/\/dr-jorgesanchez.com\/?page_id=26\">\n\t\t\t\t\t\t<span class=\"elementor-button-content-wrapper\">\n\t\t\t\t\t\t\t\t\t<span class=\"elementor-button-text\">Conoce m\u00e1s<\/span>\n\t\t\t\t\t<\/span>\n\t\t\t\t\t<\/a>\n\t\t\t\t\t\t\t\t<\/div>\n\t\t\t\t<\/div>\n\t\t<div class=\"elementor-element elementor-element-466e6448 e-con-full e-flex e-con e-parent\" data-id=\"466e6448\" data-element_type=\"container\" data-e-type=\"container\" data-settings=\"{&quot;background_background&quot;:&quot;classic&quot;}\">\n\t\t<div class=\"elementor-element elementor-element-64baf2cb e-con-full e-flex e-con e-child\" data-id=\"64baf2cb\" data-element_type=\"container\" data-e-type=\"container\">\n\t\t\t\t<div class=\"elementor-element elementor-element-439cd7c4 elementor-widget elementor-widget-heading\" data-id=\"439cd7c4\" data-element_type=\"widget\" data-e-type=\"widget\" data-widget_type=\"heading.default\">\n\t\t\t\t\t<h2 class=\"elementor-heading-title elementor-size-default\">\u00a1No esperes m\u00e1s! Cont\u00e1ctanos y agendamos tu cita.<\/h2>\t\t\t\t<\/div>\n\t\t\t\t<div class=\"elementor-element elementor-element-bfaa58b elementor-widget elementor-widget-text-editor\" data-id=\"bfaa58b\" data-element_type=\"widget\" data-e-type=\"widget\" data-widget_type=\"text-editor.default\">\n\t\t\t\t\t\t\t\t\t<p>Deja en manos profesionales el cuidado y la atenci\u00f3n de tu sonrisa.\u00a0<\/p>\t\t\t\t\t\t\t\t<\/div>\n\t\t\t\t<div class=\"elementor-element elementor-element-1bd879b0 elementor-invisible elementor-widget elementor-widget-button\" data-id=\"1bd879b0\" data-element_type=\"widget\" data-e-type=\"widget\" data-settings=\"{&quot;_animation&quot;:&quot;fadeInDown&quot;}\" data-widget_type=\"button.default\">\n\t\t\t\t\t\t\t\t\t\t<a class=\"elementor-button elementor-button-link elementor-size-sm\" href=\"https:\/\/dr-jorgesanchez.com\/?page_id=12\">\n\t\t\t\t\t\t<span class=\"elementor-button-content-wrapper\">\n\t\t\t\t\t\t\t\t\t<span class=\"elementor-button-text\">Cont\u00e1ctanos<\/span>\n\t\t\t\t\t<\/span>\n\t\t\t\t\t<\/a>\n\t\t\t\t\t\t\t\t<\/div>\n\t\t\t\t<\/div>\n\t\t<div class=\"elementor-element elementor-element-5a16065 e-con-full e-flex e-con e-child\" data-id=\"5a16065\" data-element_type=\"container\" data-e-type=\"container\">\n\t\t\t\t<div class=\"elementor-element elementor-element-15f5d1e1 elementor-widget elementor-widget-image\" data-id=\"15f5d1e1\" data-element_type=\"widget\" data-e-type=\"widget\" data-widget_type=\"image.default\">\n\t\t\t\t\t\t\t\t\t\t\t\t\t\t\t<img loading=\"lazy\" decoding=\"async\" width=\"908\" height=\"1600\" src=\"https:\/\/dr-jorgesanchez.com\/wp-content\/uploads\/2026\/04\/Servicios-1.jpeg\" class=\"attachment-full size-full wp-image-85\" alt=\"Imagen de atencion a paciente\" srcset=\"https:\/\/dr-jorgesanchez.com\/wp-content\/uploads\/2026\/04\/Servicios-1.jpeg 908w, https:\/\/dr-jorgesanchez.com\/wp-content\/uploads\/2026\/04\/Servicios-1-170x300.jpeg 170w, https:\/\/dr-jorgesanchez.com\/wp-content\/uploads\/2026\/04\/Servicios-1-581x1024.jpeg 581w, https:\/\/dr-jorgesanchez.com\/wp-content\/uploads\/2026\/04\/Servicios-1-768x1353.jpeg 768w, https:\/\/dr-jorgesanchez.com\/wp-content\/uploads\/2026\/04\/Servicios-1-872x1536.jpeg 872w\" sizes=\"(max-width: 908px) 100vw, 908px\" \/>\t\t\t\t\t\t\t\t\t\t\t\t\t\t\t<\/div>\n\t\t\t\t<\/div>\n\t\t\t\t<\/div>\n\t\t\t\t<\/div>\n\t\t","protected":false},"excerpt":{"rendered":"<p>Bienvenidos al consultorio del Dr. Jorge S\u00e1nchez Construimos Sonrisas Cont\u00e1ctanos \u00a1Hola! deja Tu sonrisa en manos seguras y amigas. Soy el Dr. Jorge S\u00e1nchez, odont\u00f3logo profesional con m\u00e1s de 25 a\u00f1os de experiencia cuidando de la salud dental de mis pacientes. Entiendo que ir al dentista puede generar dudas, por eso mi compromiso es brindarte [&hellip;]<\/p>\n","protected":false},"author":1,"featured_media":43,"parent":0,"menu_order":0,"comment_status":"closed","ping_status":"closed","template":"elementor_header_footer","meta":{"footnotes":""},"class_list":["post-39","page","type-page","status-publish","has-post-thumbnail","hentry"],"_links":{"self":[{"href":"https:\/\/dr-jorgesanchez.com\/index.php?rest_route=\/wp\/v2\/pages\/39","targetHints":{"allow":["GET"]}}],"collection":[{"href":"https:\/\/dr-jorgesanchez.com\/index.php?rest_route=\/wp\/v2\/pages"}],"about":[{"href":"https:\/\/dr-jorgesanchez.com\/index.php?rest_route=\/wp\/v2\/types\/page"}],"author":[{"embeddable":true,"href":"https:\/\/dr-jorgesanchez.com\/index.php?rest_route=\/wp\/v2\/users\/1"}],"replies":[{"embeddable":true,"href":"https:\/\/dr-jorgesanchez.com\/index.php?rest_route=%2Fwp%2Fv2%2Fcomments&post=39"}],"version-history":[{"count":16,"href":"https:\/\/dr-jorgesanchez.com\/index.php?rest_route=\/wp\/v2\/pages\/39\/revisions"}],"predecessor-version":[{"id":134,"href":"https:\/\/dr-jorgesanchez.com\/index.php?rest_route=\/wp\/v2\/pages\/39\/revisions\/134"}],"wp:featuredmedia":[{"embeddable":true,"href":"https:\/\/dr-jorgesanchez.com\/index.php?rest_route=\/wp\/v2\/media\/43"}],"wp:attachment":[{"href":"https:\/\/dr-jorgesanchez.com\/index.php?rest_route=%2Fwp%2Fv2%2Fmedia&parent=39"}],"curies":[{"name":"wp","href":"https:\/\/api.w.org\/{rel}","templated":true}]}}